{"id":100,"date":"2017-08-01T13:42:36","date_gmt":"2017-08-01T11:42:36","guid":{"rendered":"http:\/\/peterbussers.nl\/voetbal\/?page_id=100"},"modified":"2021-10-07T14:21:18","modified_gmt":"2021-10-07T12:21:18","slug":"plaatsing-knvb-beker","status":"publish","type":"page","link":"https:\/\/peterbussers.nl\/voetbal\/plaatsing-knvb-beker\/","title":{"rendered":"Plaatsing KNVB Beker"},"content":{"rendered":"<p><strong>Plaatsing KNVB beker seizoen 2018\/\u201919 (BV\/AV)<\/strong><br \/>\n<strong>1.<\/strong> De (vervangend) periodekampioenen van de Tweede divisie mannen 2017\/\u201918 plaatsen zich voor de eerste ronde van\u00a0de KNVB beker BV\/AV 2018\/\u201919. Indien een periode is gewonnen door een in de Tweede divisie uitkomend\u00a0beloftenteam dan wordt de periodetitel doorgegeven aan het eerstvolgende team op de eindranglijst dat nog geen\u00a0periode heeft gewonnen, niet zijnde een beloftenteam.<\/p>\n<p><strong>2.<\/strong> Alle overige teams uitkomend in de Tweede en Derde divisie mannen 2018\/\u201919, niet zijnde beloftentteams, plaatsen\u00a0zich voor Q1 (eerste kwalificatieronde) van de KNVB beker BV\/AV 2018\/\u201919.<\/p>\n<p><strong>3.<\/strong> De vier halve finalisten per districtsbeker 2017\/\u201918 plaatsen zich voor Q1 van de KNVB beker BV\/AV 2018\/\u201919 (24\u00a0teams).<\/p>\n<p><strong>4.<\/strong> Afhankelijk van het aantal teams dat zich op basis van lid 2 en lid 3 heeft geplaatst voor Q1 van de KNVB, kan een\u00a0aantal teams uit de Tweede divisie via loting worden vrijgesteld van Q1, waardoor ze direct zijn geplaatst voor Q2\u00a0(tweede kwalificatieronde).<\/p>\n<p><strong>5.<\/strong> Als een vereniging mag deelnemen zowel vanuit deelname aan de Derde divisie mannen 2018\/\u201919 als vanuit het\u00a0bereiken van de halve finales van de districtsbeker, dan komt de aanvulling van de open plaats vanuit de verliezend\u00a0kwartfinalisten van de districtsbeker.\u00a0Hierbij is het aantal wedstrijdpunten behaald in de betreffende bekercompetitie vanaf de knock-outfase leidend.\u00a0Speelronden waarin niet alle verliezend kwartfinalisten zijn uitgekomen, worden buiten beschouwing gelaten. \u00a0Geeft het behaalde aantal wedstrijdpunten geen doorslag, dan is het betreffende doelsaldo beslissend. Geeft het\u00a0desbetreffende doelsaldo evenmin de doorslag, dan is het desbetreffende aantal doelpunten v\u00f3\u00f3r beslissend. Als \u00f3\u00f3k\u00a0dit geen doorslag geeft, dan bepaalt het lot.<\/p>\n<p><strong>6.<\/strong> Plaatsing voor deelname aan de KNVB beker BV\/AV is alleen mogelijk voor standaardteams. Beloftenteams van\u00a0Betaald Voetbal Organisaties BVO\u2019s) kunnen zich dus niet plaatsen voor deelname aan de KNVB beker BV\/AV.\u00a0Hetzelfde geldt voor reserve-teams van amateurverenigingen. Als \u00e9\u00e9n of meerdere reserveteams de halve finale van de\u00a0districtsbeker bereiken, dan vindt opvulling plaats op eenzelfde manier als beschreven onder punt 5 van deze regeling.<\/p>\n","protected":false},"excerpt":{"rendered":"<p>Plaatsing KNVB beker seizoen 2018\/\u201919 (BV\/AV) 1. De (vervangend) periodekampioenen van de Tweede divisie mannen 2017\/\u201918 plaatsen zich voor de eerste ronde van\u00a0de KNVB beker BV\/AV 2018\/\u201919. Indien een periode is gewonnen door een in de Tweede divisie uitkomend\u00a0beloftenteam dan wordt de periodetitel doorgegeven aan het eerstvolgende team op de eindranglijst dat nog geen\u00a0periode heeft [&hellip;]<\/p>\n","protected":false},"author":1,"featured_media":0,"parent":0,"menu_order":0,"comment_status":"closed","ping_status":"closed","template":"","meta":[],"_links":{"self":[{"href":"https:\/\/peterbussers.nl\/voetbal\/wp-json\/wp\/v2\/pages\/100"}],"collection":[{"href":"https:\/\/peterbussers.nl\/voetbal\/wp-json\/wp\/v2\/pages"}],"about":[{"href":"https:\/\/peterbussers.nl\/voetbal\/wp-json\/wp\/v2\/types\/page"}],"author":[{"embeddable":true,"href":"https:\/\/peterbussers.nl\/voetbal\/wp-json\/wp\/v2\/users\/1"}],"replies":[{"embeddable":true,"href":"https:\/\/peterbussers.nl\/voetbal\/wp-json\/wp\/v2\/comments?post=100"}],"version-history":[{"count":4,"href":"https:\/\/peterbussers.nl\/voetbal\/wp-json\/wp\/v2\/pages\/100\/revisions"}],"predecessor-version":[{"id":1715,"href":"https:\/\/peterbussers.nl\/voetbal\/wp-json\/wp\/v2\/pages\/100\/revisions\/1715"}],"wp:attachment":[{"href":"https:\/\/peterbussers.nl\/voetbal\/wp-json\/wp\/v2\/media?parent=100"}],"curies":[{"name":"wp","href":"https:\/\/api.w.org\/{rel}","templated":true}]}}