{"id":54,"date":"2017-07-31T16:41:35","date_gmt":"2017-07-31T14:41:35","guid":{"rendered":"http:\/\/peterbussers.nl\/voetbal\/?page_id=54"},"modified":"2021-10-07T14:21:18","modified_gmt":"2021-10-07T12:21:18","slug":"periodekampioenschap","status":"publish","type":"page","link":"https:\/\/peterbussers.nl\/voetbal\/periodekampioenschap\/","title":{"rendered":"Periodekampioenschap"},"content":{"rendered":"<p><strong>Indeling periodes<\/strong><br \/>\n<strong>1a.<\/strong> De competitie voor klassen die bestaan uit een even aantal teams, worden onderverdeeld in drie perioden\u00a0te weten:<\/p>\n<p>Voor de klassen bestaande uit tien teams geldt:<br \/>\n&#8211; Een eerste periode van zes wedstrijden (wedstrijddagen 1 tot en met 6).<br \/>\n&#8211; Een tweede periode van zes wedstrijden (wedstrijddagen 7 tot en met 12).<br \/>\n&#8211; Een derde periode van zes wedstrijden (wedstrijddagen 13 tot en met 18).<\/p>\n<p>Voor de klassen bestaande uit twaalf teams geldt:<br \/>\n&#8211; Een eerste periode van acht wedstrijden (wedstrijddagen 1 tot en met 8).<br \/>\n&#8211; Een tweede periode van zeven wedstrijden (wedstrijddagen 9 tot en met 15).<br \/>\n&#8211; Een derde periode van zeven wedstrijden (wedstrijddagen 16 tot en met 22).<\/p>\n<p>Voor de klassen bestaande uit veertien teams geldt:<br \/>\n&#8211; Een eerste periode van acht wedstrijden (wedstrijddagen 1 tot en met 8).<br \/>\n&#8211; Een tweede periode van negen wedstrijden (wedstrijddagen 9 tot en met 17).<br \/>\n&#8211; Een derde periode van negen wedstrijden (wedstrijddagen 18 tot en met 26).<\/p>\n<p>Voor de klassen bestaande uit zestien teams geldt:<br \/>\n&#8211; Een eerste periode van tien wedstrijden (wedstrijddagen 1 tot en met 10).<br \/>\n&#8211; Een tweede periode van tien wedstrijden (wedstrijddagen 11 tot en met 20).<br \/>\n&#8211; Een derde periode van tien wedstrijden (wedstrijddagen 21 tot en met 30).<\/p>\n<p>Voor de klassen bestaande uit achttien teams geldt:<br \/>\n&#8211; Een eerste periode van twaalf wedstrijden (wedstrijddagen 1 tot en met 12).<br \/>\n&#8211; Een tweede periode van elf wedstrijden (wedstrijddagen 13 tot en met 23).<br \/>\n&#8211; Een derde periode van elf wedstrijden (wedstrijddagen 24 tot en met 34).<\/p>\n<p><strong>1b.<\/strong> De competitie voor klassen bestaande uit een oneven aantal teams (elf, dertien of vijftien) wordt verdeeld in twee\u00a0perioden, te weten:<\/p>\n<p>Voor de klassen bestaande uit elf teams geldt:<br \/>\n&#8211; Een eerste periode van tien wedstrijden (wedstrijddagen 1 tot en met 11).<br \/>\n&#8211; Een tweede periode van tien wedstrijden (wedstrijddagen 12 tot en met 22).<\/p>\n<p>Voor de klassen bestaande uit dertien teams geldt:<br \/>\n&#8211; Een eerste periode van twaalf wedstrijden (wedstrijddagen 1 tot en met 13).<br \/>\n&#8211; Een tweede periode van twaalf wedstrijden (wedstrijddagen 14 tot en met 26).<\/p>\n<p>Voor de klassen bestaande uit vijftien teams geldt:<br \/>\n&#8211; Een eerste periode van veertien wedstrijden (wedstrijddagen 1 tot en met 15).<br \/>\n&#8211; Een tweede periode van veertien wedstrijden (wedstrijddagen 16 tot en met 30)<\/p>\n<p><a href=\"http:\/\/peterbussers.nl\/voetbal\/wp-content\/uploads\/2017\/07\/KNVBstreep-1.jpg\"><img loading=\"lazy\" class=\"alignnone wp-image-92 size-full\" src=\"http:\/\/peterbussers.nl\/voetbal\/wp-content\/uploads\/2017\/07\/KNVBstreep-1.jpg\" alt=\"\" width=\"794\" height=\"23\" srcset=\"https:\/\/peterbussers.nl\/voetbal\/wp-content\/uploads\/2017\/07\/KNVBstreep-1.jpg 794w, https:\/\/peterbussers.nl\/voetbal\/wp-content\/uploads\/2017\/07\/KNVBstreep-1-300x9.jpg 300w, https:\/\/peterbussers.nl\/voetbal\/wp-content\/uploads\/2017\/07\/KNVBstreep-1-768x22.jpg 768w\" sizes=\"(max-width: 794px) 100vw, 794px\" \/><\/a><\/p>\n<p><strong>2.<\/strong> Na iedere periode wordt over die periode de stand opgemaakt. Het team dat in die periode de meeste punten heeft\u00a0behaald, mag zich periodekampioen noemen.\u00a0Eindigen in een periode teams gelijk, dan is het doelsaldo van de betreffende periode van doorslaggevende betekenis.\u00a0Is dit ook gelijk, dan is het aantal doelpunten v\u00f3\u00f3r beslissend. Is dit ook gelijk, dan volgt een beslissingswedstrijd c.q.\u00a0een halve competitie.<\/p>\n<p><strong>3.<\/strong> Teams die al een periodetitel hebben\u00a0verworven, kunnen geen volgend periodekampioenschap verkrijgen en dus niet\u00a0deelnemen aan een beslissingswedstrijd c.q. halve competitie als genoemd onder lid 2.<\/p>\n<p><strong>4.<\/strong> Voor klassen die bestaan uit een even aantal teams met drie perioden geldt:<br \/>\na. Als de periodekampioen van de eerste periode ook in de tweede periode bovenaan eindigt, dan wordt de nummer\u00a0twee van de tweede periode aangemerkt als vervangende periodekampioen.<\/p>\n<p>b. Eindigt de periodekampioen van de eerste en\/of de tweede periode (of het als zodanig aangemerkte team) ook in\u00a0de derde periode bovenaan? Dan wordt het eerstvolgende team in de periodestand van de derde periode dat nog\u00a0geen periodekampioen is (of als zodanig is aangemerkt) beschouwd als de vervangende periodekampioen.<\/p>\n<p>c. Als hiervoor op grond van het aantal punten in de periodestand meerdere teams in aanmerking komen, dan is het\u00a0doelsaldo van de betreffende periode beslissend. Als ook het doelsaldo gelijk is, dan is het aantal doelpunten v\u00f3\u00f3r\u00a0beslissend. Als ook dit gelijk is, dan volgt een beslissingswedstrijd respectievelijk een halve competitie.<\/p>\n<p><strong>5.<\/strong> Voor de klassen die bestaan uit een oneven aantal teams met twee perioden en drie periodekampioenen geldt:<br \/>\na. Als de periodekampioen van de eerste periode ook in de tweede periode bovenaan eindigt, dan wordt de nummer\u00a0twee van de tweede periode aangemerkt als vervangende periodekampioen.<\/p>\n<p>b. Het team dat in de eindrangschikking van de competitie in een klasse met een oneven aantal teams de meeste\u00a0punten heeft behaald en dat nog geen periodekampioen is (of als zodanig is aangemerkt), wordt in deze regeling\u00a0als periodekampioen van de derde periode aangemerkt.<\/p>\n<p>c. Als hiervoor op grond van het aantal punten in de eindrangschikking meerdere teams in aanmerking komen, dan is\u00a0het doelsaldo van de oorspronkelijke competitie beslissend. Als ook het doelsaldo gelijk is, dan is het aantal\u00a0doelpunten v\u00f3\u00f3r beslissend. Als ook dit gelijk is, dan volgt een beslissingswedstrijd respectievelijk een halve\u00a0competitie.<\/p>\n<p><strong>6. <\/strong>a. Als de klassenkampioen of de promovendus tevens periodekampioen is (of als zodanig is aangemerkt ingevolge\u00a0artikel 4 onder a of b of artikel 5 onder a), dan wordt het team dat in de eindrangschikking van de volledige\u00a0competitie de meeste punten heeft behaald en dat nog geen periodekampioen is (of als zodanig is aangemerkt),\u00a0als vervangende periodekampioen van de klassenkampioen aangewezen.<\/p>\n<p>b. Als een periodekampioen (of als zodanig aangemerkt ingevolge artikel 4 onder a of b of artikel 5 onder a) niet kan\u00a0of mag promoveren, dan wordt het team dat in de eindrangschikking van de volledige competitie de meeste punten\u00a0heeft behaald en dat nog geen periodekampioen is (of als zodanig is aangemerkt), als vervangende\u00a0periodekampioen aangewezen.<\/p>\n<p>c. Als op grond van het aantal punten in de eindrangschikking van de volledige competitie hiervoor meerdere teams in\u00a0aanmerking komen, dan is het doelsaldo van de oorspronkelijke competitie beslissend. Als ook het doelsaldo gelijk\u00a0is, dan is het aantal doelpunten v\u00f3\u00f3r beslissend. Als dit ook gelijk is, dan beslist het totale onderlinge resultaat\u00a0(wedstrijdpunten, doelsaldo, doelpunten v\u00f3\u00f3r). Als dit ook gelijk is, dan volgt een beslissingswedstrijd respectievelijk\u00a0een halve competitie.<\/p>\n<p>d. Voor het bepalen van het overnemen van de periodetitel van de klassenkampioen door het hoogst geplaatste team\u00a0in de eindrangschikking, moeten allereerst alle kampioenen van de eerste, tweede en derde periode (bij klassen\u00a0met een oneven aantal teams: het team dat wordt aangemerkt als winnaar van de derde periode) bekend zijn.<\/p>\n<p>e. Wanneer tegelijkertijd sprake is van a en b, dan wordt eerst bepaald wie de periode overneemt van de\u00a0klassenkampioen en daarna wie de periode overneemt van het team dat niet kan of mag promoveren.<\/p>\n<p><strong>7.<\/strong> Wanneer voor het bepalen van welk team de periodetitel opeist sprake is van een beslissingswedstrijd c.q. een halve\u00a0competitie, geldt de volgende regeling:<br \/>\na. Beslissingswedstrijd.<br \/>\nIs in deze wedstrijd de stand na de reguliere speeltijd gelijk, dan volgt een verlenging van de wedstrijd conform de\u00a0spelregels veldvoetbal. De verlenging bedraagt twee keer vijftien minuten, tenzij onder 2.14 van dit Handboek\u00a0anders staat omschreven. Na vijftien minuten wisselen de teams van doel. Is na de verlenging geen beslissing\u00a0verkregen, dan valt de beslissing door het nemen van strafschoppen, op de wijze zoals omschreven in de\u00a0\u2018Spelregels veldvoetbal\u2019.<\/p>\n<p>b. Halve competitie.<br \/>\nAls meer dan twee teams in aanmerking komen voor een periodetitel, dan volgt een halve competitie. Eindigen in deze halve competitie twee of meer teams gelijk, dan beslist het doelsaldo van deze halve competitie. Is ook dit\u00a0gelijk, dan beslist het aantal doelpunten v\u00f3\u00f3r. Is dit ook gelijk, dan valt de beslissing door het nemen van\u00a0strafschoppen, op de wijze zoals omschreven in de \u2018Spelregels veldvoetbal\u2019. In het geval tussen meer dan twee<br \/>\nteams een beslissing moet worden verkregen door het nemen van strafschoppen, dan worden deze genomen op\u00a0een bij besluit van het bestuur amateurvoetbal te bepalen wijze. Het voornoemde houdt in dat direct na afloop van\u00a0iedere gespeelde wedstrijd de teams strafschoppen moeten nemen.<\/p>\n<p><a href=\"http:\/\/peterbussers.nl\/voetbal\/wp-content\/uploads\/2017\/07\/KNVBstreep-1.jpg\"><img loading=\"lazy\" class=\"alignnone wp-image-92 size-full\" src=\"http:\/\/peterbussers.nl\/voetbal\/wp-content\/uploads\/2017\/07\/KNVBstreep-1.jpg\" alt=\"\" width=\"794\" height=\"23\" srcset=\"https:\/\/peterbussers.nl\/voetbal\/wp-content\/uploads\/2017\/07\/KNVBstreep-1.jpg 794w, https:\/\/peterbussers.nl\/voetbal\/wp-content\/uploads\/2017\/07\/KNVBstreep-1-300x9.jpg 300w, https:\/\/peterbussers.nl\/voetbal\/wp-content\/uploads\/2017\/07\/KNVBstreep-1-768x22.jpg 768w\" sizes=\"(max-width: 794px) 100vw, 794px\" \/><\/a><\/p>\n<p><strong>8.<\/strong> De wedstrijden uit de reguliere competitie die incidenteel zijn afgelast, blijven behoren tot de periode waarin zij\u00a0oorspronkelijk waren vastgesteld.<\/p>\n<p><strong>9.<\/strong> De wedstrijden uit de reguliere competitie die \u2018vooruit\u2019 worden gespeeld, blijven behoren tot de periode waarin zij\u00a0oorspronkelijk waren vastgesteld.<\/p>\n<p><strong>10.<\/strong> Wedstrijddagen die algeheel zijn afgelast, blijven behoren tot de periode waarin zij oorspronkelijk waren vastgesteld.<\/p>\n<p><strong>11.<\/strong> a. Als een team een periodetitel heeft behaald en degradeert c.q. in de eindrangschikking belandt op de\u00a0\u2018herkansingsplaats\u2019, dan wordt het team dat in de eindrangschikking van de volledige competitie de meeste punten\u00a0heeft behaald en dat nog geen periodekampioen is geweest (of als zodanig is aangemerkt) of klassenkampioen is,\u00a0als vervangende periodekampioen van de betreffende periode aangewezen.\u00a0Als hiervoor op grond van het aantal punten in de eindrangschikking van de volledige competitie meerdere teams in\u00a0aanmerking komen, dan is het doelsaldo van de oorspronkelijke competitie van doorslaggevende betekenis. Als\u00a0ook het doelsaldo gelijk is, dan beslist het aantal doelpunten v\u00f3\u00f3r. Als dit ook gelijk is, dan beslist het onderlinge resultaat (wedstrijdpunten, doelsaldo, doelpunten v\u00f3\u00f3r). Als ook dit gelijkt is, dan volgt een\u00a0beslissingswedstrijd respectievelijk een halve competitie.<\/p>\n<p>b. Verenigingen die zich plaatsen voor de nacompetitie in enige klasse, kunnen niet aan de nacompetitie deelnemen\u00a0als in alle poules van de naastgelegen hogere klasse al elftallen van deze vereniging uitkomen (zie ook\u00a0KNVB.nl\/Assist voor de promotie-\/degradatieregelingen).\u00a0Een uitzondering hierop is van toepassing als al bij de start van de nacompetitie in deze bewuste klasse vaststaat\u00a0dat het elftal van dezelfde vereniging in die hogere klasse is gedegradeerd, gepromoveerd of eventueel nog als\u00a0\u2018herkanser\u2019 kan worden aangemerkt.\u00a0Als een eventuele promotie of rechtstreekse degradatie nog afhankelijk is van een beslissingswedstrijd c.q.\u00a0wedstrijdenreeks, dan is deze vereniging op dit lagere niveau uitgesloten van deelname aan de nacompetitie.\u00a0Het elftal dat in de eindrangschikking van de volledige competitie de meeste punten heeft behaald en dat nog geen\u00a0periodekampioen is geweest (of als zodanig is aangemerkt) of klassenkampioen is, wordt dan als vervangende\u00a0periodekampioen van de betreffende periode aangewezen. Als hiervoor op grond van het aantal punten in de\u00a0eindrangschikking van de volledige competitie meerdere elftallen in aanmerking komen, dan is het doelsaldo van de\u00a0oorspronkelijke competitie van doorslaggevende betekenis. Is ook het doelsaldo gelijk, dan beslist het aantal\u00a0doelpunten v\u00f3\u00f3r. Als ook dit gelijk is, dan beslist het totale onderlinge resultaat (wedstrijdpunten, doelsaldo,\u00a0doelpunten v\u00f3\u00f3r). Is dit ook gelijk, dan volgt een beslissingswedstrijd respectievelijk een halve competitie.<\/p>\n<p><strong>12.<\/strong> Mocht een team tijdens of na de competitie uitvallen, dan zal het bestuur amateurvoetbal beslissen over het vervolg.\u00a0Het bestuur houdt daarbij rekening met verkregen rechten, waartoe zeker het predikaat periodekampioen behoort. In\u00a0een competitie waar sprake is van drie perioden en waarbij een elftal gedurende het seizoen uit de competitie wordt\u00a0genomen, worden de volgende uitgangspunten gehanteerd:<br \/>\n&#8211; Indien gedurende de eerste periode (en er nog geen winnaar van de eerste periode kan worden aangemerkt) een\u00a0team uit de competitie wordt genomen, dan worden de perioden als volgt verdeeld:<br \/>\nPeriode 1: eerste helft competitie<br \/>\nPeriode 2: tweede helft competitie<br \/>\nPeriode 3: eerstvolgende op de eindranglijst die nog geen periode heeft gewonnen<br \/>\n&#8211; Indien de eerste periodetitel is toegekend en een team uit de competitie wordt genomen, dan worden de perioden<br \/>\nals volgt aangepast:<br \/>\nPeriode 1: toegekend op basis van reguliere bepalingen<br \/>\nPeriode 2: tweede helft van de competitie<br \/>\nPeriode 3: eerstvolgende op de eindranglijst die nog geen periode heeft gewonnen<br \/>\n&#8211; Indien de eerste en tweede periodetitel zijn toegekend en een team uit de competitie wordt genomen, dan worden<br \/>\nde perioden als volgt aangepast:<br \/>\nPeriode 1: toegekend op basis van reguliere bepalingen<br \/>\nPeriode 2: toegekend op basis van reguliere bepalingen<br \/>\nPeriode 3: eerstvolgende op de eindranglijst die nog geen periode heeft gewonnen<\/p>\n<p><strong>13.<\/strong> Voor zover niet anders is bepaald, gelden de bepalingen van het Algemeen Reglement, het Reglement Wedstrijden\u00a0Amateurvoetbal en de \u2018Spelregels veldvoetbal\u2019, voor zover die van toepassing zijn.<\/p>\n<p><strong>14.<\/strong> In alle gevallen waarin niet is voorzien, beslist het bestuur amateurvoetbal.<\/p>\n","protected":false},"excerpt":{"rendered":"<p>Indeling periodes 1a. De competitie voor klassen die bestaan uit een even aantal teams, worden onderverdeeld in drie perioden\u00a0te weten: Voor de klassen bestaande uit tien teams geldt: &#8211; Een eerste periode van zes wedstrijden (wedstrijddagen 1 tot en met 6). &#8211; Een tweede periode van zes wedstrijden (wedstrijddagen 7 tot en met 12). &#8211; [&hellip;]<\/p>\n","protected":false},"author":1,"featured_media":0,"parent":0,"menu_order":0,"comment_status":"closed","ping_status":"closed","template":"","meta":[],"_links":{"self":[{"href":"https:\/\/peterbussers.nl\/voetbal\/wp-json\/wp\/v2\/pages\/54"}],"collection":[{"href":"https:\/\/peterbussers.nl\/voetbal\/wp-json\/wp\/v2\/pages"}],"about":[{"href":"https:\/\/peterbussers.nl\/voetbal\/wp-json\/wp\/v2\/types\/page"}],"author":[{"embeddable":true,"href":"https:\/\/peterbussers.nl\/voetbal\/wp-json\/wp\/v2\/users\/1"}],"replies":[{"embeddable":true,"href":"https:\/\/peterbussers.nl\/voetbal\/wp-json\/wp\/v2\/comments?post=54"}],"version-history":[{"count":10,"href":"https:\/\/peterbussers.nl\/voetbal\/wp-json\/wp\/v2\/pages\/54\/revisions"}],"predecessor-version":[{"id":96,"href":"https:\/\/peterbussers.nl\/voetbal\/wp-json\/wp\/v2\/pages\/54\/revisions\/96"}],"wp:attachment":[{"href":"https:\/\/peterbussers.nl\/voetbal\/wp-json\/wp\/v2\/media?parent=54"}],"curies":[{"name":"wp","href":"https:\/\/api.w.org\/{rel}","templated":true}]}}