{"id":56,"date":"2017-07-31T16:41:57","date_gmt":"2017-07-31T14:41:57","guid":{"rendered":"http:\/\/peterbussers.nl\/voetbal\/?page_id=56"},"modified":"2021-10-07T14:21:18","modified_gmt":"2021-10-07T12:21:18","slug":"promotie-degradatieregeling","status":"publish","type":"page","link":"https:\/\/peterbussers.nl\/voetbal\/promotie-degradatieregeling\/","title":{"rendered":"Promotie-\/degradatieregeling"},"content":{"rendered":"<p><strong>Regeling nacompetitie periodekampioenschappen schema 12<\/strong><br \/>\nVoor de uitgewerkte koppeling per poule en een opsomming van de poules waarop deze regeling van toepassing is,\u00a0verwijzen wij naar de publicatie op KNVB.nl\/Assist en de betreffende promotie-\/degradatieregelingen die ook te vinden zijn\u00a0op KNVB.nl.<br \/>\n<strong>1.<\/strong> Voor de periodekampioenen van een poule die worden gekoppeld aan de periodekampioenen van een andere poule,\u00a0geldt de navolgende regeling.\u00a0De drie periodekampioenen van een poule worden gekoppeld aan de drie periodekampioenen van de naastgelegen\u00a0poule. Voor seizoen 2017\/\u201918 is de navolgende koppeling van toepassing en de eerste wedstrijd luidt:<br \/>\na. Laagst geklasseerde periodekampioen poule laatste letter alfabet &#8211; hoogst geklasseerde periodekampioen poule\u00a0eerste letter alfabet.<br \/>\nb. Laagst geklasseerde periodekampioen poule eerste letter alfabet &#8211; hoogst geklasseerde periodekampioen poule\u00a0laatste letter alfabet.<br \/>\nc. E\u00e9n na hoogst geklasseerde periodekampioen poule laatste letter alfabet &#8211; \u00e9\u00e9n na hoogst geklasseerde\u00a0periodekampioen poule eerste letter alfabet.<br \/>\nNa het spelen van bovenstaande wedstrijden volgt de returnwedstrijd.\u00a0Als na het spelen van deze twee wedstrijden nog geen beslissing is verkregen op basis van wedstrijdpunten, dan is het\u00a0doelsaldo van deze twee wedstrijden beslissend. Is dit ook gelijk, dan wordt de tweede wedstrijd als volgt verlengd:<br \/>\na. Onmiddellijk na het verstrijken van de reguliere speeltijd volgt in deze wedstrijd een verlenging van twee keer\u00a0vijftien minuten, tenzij in paragraaf 2.14 van dit Handboek anders staat omschreven..<br \/>\nb. Is er na het spelen van twee keer vijftien minuten nog geen beslissing gevallen, dan bepaalt het nemen van\u00a0strafschoppen, op de wijze zoals omschreven in de \u2018Spelregels veldvoetbal\u2019, de winnaar.<\/p>\n<p><strong>2.<\/strong> De winnaars van de in artikel 1 omschreven wedstrijdenreeksen worden gekoppeld aan een herkansingsteam van een\u00a0hoger gelegen klasse. Zij spelen daartegen een uit- en een thuiswedstrijd.\u00a0Voor seizoen 2017\/\u201918 is de navolgende koppeling van kracht en de eerste wedstrijd luidt:<br \/>\na. Winnende team van de wedstrijden onder 1c. &#8211; betreffende herkansingsteam.<br \/>\nb. Winnende team van de wedstrijden onder 1a &#8211; winnende team van de wedstrijden onder 1b.<br \/>\nNa het spelen van bovenstaande wedstrijden volgt de returnwedstrijd.\u00a0Een verzoek tot wijziging van deze volgorde wordt alleen in behandeling genomen wanneer beide verenigingen\u00a0schriftelijk verklaren hiermee akkoord te gaan. De betreffende medewerker organisatie competitie kan hiervoor dan\u00a0toestemming geven.\u00a0Als na het spelen van deze twee wedstrijden nog geen beslissing is verkregen op basis van wedstrijdpunten, dan is het\u00a0doelsaldo van deze twee wedstrijden beslissend. Is dit ook gelijk, dan wordt de tweede wedstrijd als volgt verlengd:<br \/>\na. Onmiddellijk na het verstrijken van de reguliere speeltijd volgt in deze wedstrijd een verlenging van twee keer\u00a0vijftien minuten, tenzij in paragraaf 2.14 van dit Handboek anders staat omschreven.<br \/>\nb. Is er na het spelen van twee keer vijftien minuten nog geen beslissing gevallen, dan bepaalt het nemen van\u00a0strafschoppen, op de wijze zoals omschreven in de \u2018Spelregels veldvoetbal\u2019, de winnaar.<\/p>\n<p><strong>3<\/strong>. De winnende teams van de in artikel 2 omschreven wedstrijdenreeks spelen de uiteindelijke finale om klassebehoud\u00a0c.q. promotie. Het bestuur amateurvoetbal stelt na overleg met partijen vast op welke terrein, en op welk tijdstip deze\u00a0wedstrijd begint.\u00a0Als de stand na de reguliere speeltijd nog gelijk mocht zijn, dan wordt de wedstrijd als volgt verlengd:<br \/>\na. Onmiddellijk na het verstrijken van de reguliere speeltijd volgt in deze wedstrijd een verlenging van twee keer\u00a0vijftien minuten, tenzij in paragraaf 2.14 van dit Handboek anders staat omschreven..<br \/>\nb. Is er na het spelen van twee keer vijftien minuten nog geen beslissing gevallen, dan bepaalt het nemen van\u00a0strafschoppen, op de wijze zoals omschreven in de \u2018Spelregels veldvoetbal\u2019, de winnaar.<\/p>\n<p><strong>4<\/strong>. In alle gevallen waarin niet is voorzien, beslist het bestuur amateurvoetbal.<\/p>\n<p><a href=\"http:\/\/peterbussers.nl\/voetbal\/wp-content\/uploads\/2017\/07\/KNVBstreep-1.jpg\"><img loading=\"lazy\" class=\"alignnone wp-image-92 size-full\" src=\"http:\/\/peterbussers.nl\/voetbal\/wp-content\/uploads\/2017\/07\/KNVBstreep-1.jpg\" alt=\"\" width=\"794\" height=\"23\" srcset=\"https:\/\/peterbussers.nl\/voetbal\/wp-content\/uploads\/2017\/07\/KNVBstreep-1.jpg 794w, https:\/\/peterbussers.nl\/voetbal\/wp-content\/uploads\/2017\/07\/KNVBstreep-1-300x9.jpg 300w, https:\/\/peterbussers.nl\/voetbal\/wp-content\/uploads\/2017\/07\/KNVBstreep-1-768x22.jpg 768w\" sizes=\"(max-width: 794px) 100vw, 794px\" \/><\/a><\/p>\n<p><strong>Regeling nacompetitie periodekampioenschappen schema 14 (+ schema 12 vrouwen\u00a0+ overgang schema 14\/12)<\/strong><br \/>\nVoor de uitgewerkte koppeling per poule en een opsomming van de poules waarop deze regeling van toepassing is,\u00a0verwijzen we naar de publicatie op KNVB.nl \u00e9n naar de betreffende promotie-\/degradatieregelingen die ook te vinden zijn op\u00a0KNVB.nl\/Assist.<br \/>\n<strong>1.<\/strong> De drie periodekampioenen van een poule worden gekoppeld aan de drie periodekampioen van de naastgelegen poule\u00a0evenals de twee herkansers van een hoger gelegen klasse. Voor seizoen 2017\/\u201918 is de navolgende koppeling van\u00a0toepassing en de eerste wedstrijd luidt:<br \/>\na. Laagstgeklasseerde periodekampioen poule laatste letter alfabet &#8211; laagstgeklasseerde herkansersteam.<br \/>\nb. Laagstgeklasseerde periodekampioen poule eerste letter alfabet &#8211; een na laagstgeklasseerde herkansersteam.<br \/>\nc. Een na hoogstgeklasseerde periodekampioen poule eerste letter alfabet &#8211; hoogst geklasseerde periodekampioen\u00a0poule laatste letter alfabet.<br \/>\nd. Een na hoogstgeklasseerde periodekampioen poule laatste letter alfabet &#8211; hoogst geklasseerde periodekampioen\u00a0poule eerste letter alfabet.<br \/>\nNa het spelen van bovenstaande wedstrijden volgt de returnwedstrijd.\u00a0Als na het spelen van deze twee wedstrijden nog geen beslissing is verkregen op basis van wedstrijdpunten, dan is het\u00a0doelsaldo van deze twee wedstrijden beslissend. Is dit ook gelijk, dan wordt de tweede wedstrijd als volgt verlengd:<br \/>\na. Onmiddellijk na het verstrijken van de reguliere speeltijd volgt in deze wedstrijd een verlenging van twee keer\u00a0vijftien minuten, tenzij in paragraaf 2.14 van dit Handboek anders staat omschreven. .<br \/>\nb. Is er na het spelen van twee keer vijftien minuten nog geen beslissing gevallen, dan bepaalt het nemen van\u00a0strafschoppen, op de wijze zoals omschreven in de \u2018Spelregels veldvoetbal\u2019, de winnaar.<\/p>\n<p><strong>2.<\/strong> De winnaars van de in artikel 1 omschreven wedstrijdreeksen worden aan elkaar gekoppeld en spelen een uit- en\u00a0thuiswedstrijd. De winnaars van deze wedstrijdreeks hebben klassenbehoud of promotie gerealiseerd. Voor seizoen\u00a02016\/\u201917 is de navolgende koppeling van kracht en de eerste wedstrijd luidt:<br \/>\na. Winnende team van de wedstrijden onder 1c &#8211; winnende team van de wedstrijden onder 1a.<br \/>\nb. Winnende team van de wedstrijden onder 1d &#8211; winnende team van de wedstrijden onder 1b.<br \/>\nNa het spelen van bovenstaande wedstrijden volgt de returnwedstrijd.\u00a0Een verzoek tot wijziging van deze volgorde wordt alleen in behandeling genomen wanneer beide verenigingen schriftelijk\u00a0verklaren hiermee akkoord te gaan. De betreffende medewerker organisatie competitie dan wel de competitieplanner\u00a0landelijke competities kan hiervoor dan toestemming geven.\u00a0Als na het spelen van deze twee wedstrijden nog geen beslissing is verkregen op basis van wedstrijdpunten, dan is het\u00a0doelsaldo van deze twee wedstrijden beslissend. Is dit ook gelijk, dan wordt de tweede wedstrijd als volgt verlengd:<br \/>\na. Onmiddellijk na het verstrijken van de negentig minuten volgt in deze wedstrijd een verlenging van twee keer\u00a0vijftien minuten, tenzij in paragraaf 2.12 van dit Handboek anders staat omschreven..<br \/>\nb. Is er na het spelen van twee keer vijftien minuten nog geen beslissing gevallen, dan bepaalt het nemen van\u00a0strafschoppen, op de wijze zoals omschreven in de \u2018Spelregels veldvoetbal\u2019, de winnaar.<br \/>\n3. In alle gevallen waarin niet is voorzien, beslist het bestuur amateurvoetbal.<\/p>\n<p><a href=\"http:\/\/peterbussers.nl\/voetbal\/wp-content\/uploads\/2017\/07\/KNVBstreep-1.jpg\"><img loading=\"lazy\" class=\"alignnone wp-image-92 size-full\" src=\"http:\/\/peterbussers.nl\/voetbal\/wp-content\/uploads\/2017\/07\/KNVBstreep-1.jpg\" alt=\"\" width=\"794\" height=\"23\" srcset=\"https:\/\/peterbussers.nl\/voetbal\/wp-content\/uploads\/2017\/07\/KNVBstreep-1.jpg 794w, https:\/\/peterbussers.nl\/voetbal\/wp-content\/uploads\/2017\/07\/KNVBstreep-1-300x9.jpg 300w, https:\/\/peterbussers.nl\/voetbal\/wp-content\/uploads\/2017\/07\/KNVBstreep-1-768x22.jpg 768w\" sizes=\"(max-width: 794px) 100vw, 794px\" \/><\/a><\/p>\n<p><strong>Regeling nacompetitie JO19 (A-junioren) en JO17 (B-junioren) en mannen standaard<\/strong><br \/>\nDeze regeling is van toepassing vanaf de herkansers bij de JO19 (A-junioren) en JO17 (B-junioren) Eerste divisie tot en met\u00a0de periodekampioenen eerste klasse JO19 (A-junioren) en JO17 (B-junioren). Daarnaast is deze regeling van toepassing\u00a0voor enkele nacompetities bij het mannen standaard voetbal. De regeling geldt voor het spelen van de wedstrijden in de\u00a0nacompetitie tussen de herkansers en de daaraan gekoppelde periodekampioenen voor behoud c.q. promotie van of naar\u00a0een bepaalde klasse.<br \/>\n<strong>1.<\/strong> De drie periodekampioenen van een poule worden gekoppeld aan de drie periodekampioenen van de naastgelegen\u00a0poule, evenals de twee herkansers van een hogergelegen klasse. De navolgende koppeling is van toepassing en de\u00a0eerste wedstrijd luidt:<br \/>\na. Laagstgeklasseerde periodekampioen poule laatste letter alfabet \u2013 laagstgeklasseerde herkansersteam.<br \/>\nb. Laagstgeklasseerde periodekampioen poule eerste letter alfabet \u2013 \u00e9\u00e9n na laagstgeklasseerde herkansersteam.<br \/>\nc. E\u00e9n na hoogstgeklasseerde periodekampioen poule eerste letter alfabet \u2013 hoogst geklasseerde periodekampioen\u00a0poule laatste letter alfabet.<br \/>\nd. E\u00e9n na hoogstgeklasseerde periodekampioen poule laatste letter alfabet \u2013 hoogst geklasseerde periodekampioen\u00a0poule eerste letter alfabet.<br \/>\nNa het spelen van bovenstaande wedstrijden volgt de returnwedstrijd.\u00a0Als na het spelen van deze twee wedstrijden nog geen beslissing is verkregen op basis van wedstrijdpunten, dan is het\u00a0doelsaldo van deze twee wedstrijden beslissend. Geeft dit evenmin uitsluitsel, dan volgt verlenging van de wedstrijd\u00a0conform de tijden zoals opgenomen in subparagraaf 2.14. De wedstrijd wordt als volgt verlengd:<br \/>\na. Onmiddellijk na het verstrijken van de negentig minuten volgt in deze wedstrijd een verlenging van twee keer\u00a0vijftien minuten (A-junioren) of twee keer twaalfeneenhalve minuut (B-junioren).<br \/>\nb. Is er nadat de verlenging is gespeeld nog geen beslissing gevallen, dan bepaalt het nemen van strafschoppen, op\u00a0de wijze zoals omschreven in de \u2018Spelregels veldvoetbal\u2019, de winnaar.<br \/>\n<strong>2.<\/strong> De winnaars van de in artikel 1 omschreven wedstrijdreeksen worden aan elkaar gekoppeld en spelen een uit- en\u00a0thuiswedstrijd. De navolgende koppeling is van kracht en de eerste wedstrijd luidt:<br \/>\na. Winnende team van de wedstrijden onder 1c &#8211; winnende team van de wedstrijden onder 1a.<br \/>\nb. Winnende team van de wedstrijden onder 1d &#8211; winnende team van de wedstrijden onder 1b.<br \/>\nNa het spelen van bovenstaande wedstrijden volgt de returnwedstrijd.\u00a0Een verzoek tot wijziging van deze volgorde wordt alleen in behandeling genomen wanneer beide verenigingen\u00a0schriftelijk verklaren hiermee akkoord te gaan. De betreffende medewerker organisatie competitie kan hiervoor dan\u00a0toestemming geven.\u00a0Als na het spelen van deze twee wedstrijden nog geen beslissing is verkregen op basis van wedstrijdpunten, dan is het\u00a0doelsaldo van deze twee wedstrijden beslissend. Geeft dit evenmin uitsluitsel, dan volgt verlenging van de wedstrijd\u00a0conform de tijden zoals opgenomen in subparagraaf 2.14. De wedstrijd wordt als volgt verlengd:<br \/>\na. Onmiddellijk na het verstrijken van de negentig minuten volgt in deze wedstrijd een verlenging van twee keer\u00a0vijftien minuten bij de JO19 (A-junioren) of twee keer twaalfeneenhalve minuut bij de JO17 (B-junioren).<br \/>\nb. Is er nadat de verlenging is gespeeld nog geen beslissing gevallen, dan bepaalt het nemen van strafschoppen, op\u00a0de wijze zoals omschreven in de \u2018Spelregels veldvoetbal\u2019, de winnaar.<\/p>\n<p><strong>3.<\/strong> De winnende teams van de in artikel 2 omschreven wedstrijdenreeks spelen de uiteindelijke finale om klassenbehoud\u00a0c.q. promotie. Na overleg met partijen wordt het terrein en het tijdstip van aanvang vastgesteld.\u00a0Als de stand na de reguliere speeltijd nog gelijk mocht zijn, dan volgt verlenging van de wedstrijd conform de tijden\u00a0zoals opgenomen in subparagraaf 2.14. De wedstrijd wordt als volgt verlengd:<br \/>\na. Onmiddellijk na het verstrijken van de reguliere speeltijd, nadat er opnieuw is geloot voor beginschop of doelkeuze.<br \/>\nb. In de rust van de verlenging wisselen partijen van doel.<br \/>\nc. Is er nadat de verlenging is gespeeld nog geen beslissing gevallen, dan bepaalt het nemen van strafschoppen, op\u00a0de wijze zoals omschreven in de \u2018Spelregels veldvoetbal\u2019, de winnaar.<br \/>\nIn alle gevallen waarin niet is voorzien, beslist het bestuur amateurvoetbal.<\/p>\n","protected":false},"excerpt":{"rendered":"<p>Regeling nacompetitie periodekampioenschappen schema 12 Voor de uitgewerkte koppeling per poule en een opsomming van de poules waarop deze regeling van toepassing is,\u00a0verwijzen wij naar de publicatie op KNVB.nl\/Assist en de betreffende promotie-\/degradatieregelingen die ook te vinden zijn\u00a0op KNVB.nl. 1. Voor de periodekampioenen van een poule die worden gekoppeld aan de periodekampioenen van een andere [&hellip;]<\/p>\n","protected":false},"author":1,"featured_media":0,"parent":0,"menu_order":0,"comment_status":"closed","ping_status":"closed","template":"","meta":[],"_links":{"self":[{"href":"https:\/\/peterbussers.nl\/voetbal\/wp-json\/wp\/v2\/pages\/56"}],"collection":[{"href":"https:\/\/peterbussers.nl\/voetbal\/wp-json\/wp\/v2\/pages"}],"about":[{"href":"https:\/\/peterbussers.nl\/voetbal\/wp-json\/wp\/v2\/types\/page"}],"author":[{"embeddable":true,"href":"https:\/\/peterbussers.nl\/voetbal\/wp-json\/wp\/v2\/users\/1"}],"replies":[{"embeddable":true,"href":"https:\/\/peterbussers.nl\/voetbal\/wp-json\/wp\/v2\/comments?post=56"}],"version-history":[{"count":4,"href":"https:\/\/peterbussers.nl\/voetbal\/wp-json\/wp\/v2\/pages\/56\/revisions"}],"predecessor-version":[{"id":99,"href":"https:\/\/peterbussers.nl\/voetbal\/wp-json\/wp\/v2\/pages\/56\/revisions\/99"}],"wp:attachment":[{"href":"https:\/\/peterbussers.nl\/voetbal\/wp-json\/wp\/v2\/media?parent=56"}],"curies":[{"name":"wp","href":"https:\/\/api.w.org\/{rel}","templated":true}]}}